{"id":2104,"date":"2014-03-18T13:17:25","date_gmt":"2014-03-18T13:17:25","guid":{"rendered":"http:\/\/www.aesche.at\/wp\/?page_id=2104"},"modified":"2021-01-22T13:09:10","modified_gmt":"2021-01-22T13:09:10","slug":"gewasser-2","status":"publish","type":"page","link":"https:\/\/aesche.at\/wp\/galerie\/gewasser-2\/","title":{"rendered":"Gew\u00e4sser"},"content":{"rendered":"<h2><span style=\"color: #ffcc00;\">Impressionen von unseren Fischgew\u00e4ssern<\/span><\/h2>\n<h3><span style=\"color: #ffcc00;\">Ossiacher See &#8211; Vassacher See &#8211; St. Leonharder See &#8211; Drau &#8211; Gail<\/span><\/h3>\n<p>ngg_shortcode_0_placeholder<span style=\"color: #ffcc00;\">Mit einer Fischerkarte der \u00c4sche haben Sie im Gebiet Villach\/Ossiacher See eine gro\u00dfe Auswahl an Revieren!<\/span><\/p>\n<p><span style=\"color: #ffcc00;\">Im Stadtgebiet von Villach k\u00f6nnen Sie an Drau, Gail, Warmbach sowie am St. Leonharder See und am Vassacher See fischen, au\u00dferdem k\u00f6nnen Sie unser Fliegenfischerrevier an der Gail nutzen.<\/span><\/p>\n<p><span style=\"color: #ffcc00;\">Am Ossiacher See haben wir viele Parzellen zwischen Sattendorf und der Tiebelm\u00fcndung.<\/span><\/p>\n<p><span style=\"color: #ffcc00;\">Ihre Fischerkarte erhalten Sie an folgenden Verkaufsstellen:<\/span><\/p>\n<p><span style=\"color: #ffcc00;\">&#8211; im <a style=\"color: #ffcc00;\" title=\"B\u00fcrozeiten 2015\" href=\"http:\/\/www.aesche.at\/wp\/vereinsvorstand\/brozeiten\/\">Kompetenzzentrum \u00c4sche<\/a>, Reitschulgasse 7, 9500 Villach&nbsp;<\/span><\/p>\n<p><span style=\"color: #ffcc00;\">&#8211; in unserem <a style=\"color: #ffcc00;\" title=\"Seehaus Rappitsch\" href=\"http:\/\/www.aesche.at\/wp\/seehaus-rappitsch\/\">Vereinshaus in Rappitsch<\/a> am Ossiacher See (nur Ossiachersee)<\/span><\/p>\n<p><span style=\"color: #ffcc00;\">&#8211; sowie in der <a style=\"color: #ffcc00;\" href=\"http:\/\/www.falle.at\/\" target=\"_blank\" rel=\"noopener noreferrer\">Campingwelt &#8211; Angelsport Falle<\/a> in Villach oder Klagenfurt (alle Reviere)<\/span><\/p>\n<p><span style=\"color: #ffcc00;\">Die Preise f\u00fcr unsere Fischerkarten finden Sie <a style=\"color: #ffcc00;\" title=\"Lizenzen\" href=\"http:\/\/www.aesche.at\/wp\/bestimmungen\/lizenzen\/\">hier<\/a>!<\/span><\/p>\n<p>&nbsp;<\/p>\n","protected":false},"excerpt":{"rendered":"<p>Impressionen von unseren Fischgew\u00e4ssern Ossiacher See &#8211; Vassacher See &#8211; St. Leonharder See &#8211; Drau &#8211; Gail Mit einer Fischerkarte der \u00c4sche haben Sie im Gebiet Villach\/Ossiacher See eine gro\u00dfe Auswahl an Revieren! Im Stadtgebiet von Villach k\u00f6nnen Sie an Drau, Gail, Warmbach sowie am St. Leonharder See und am Vassacher See fischen, au\u00dferdem k\u00f6nnen [&hellip;]<\/p>\n","protected":false},"author":3,"featured_media":0,"parent":3001,"menu_order":0,"comment_status":"closed","ping_status":"closed","template":"","meta":{"ngg_post_thumbnail":0,"footnotes":""},"class_list":["post-2104","page","type-page","status-publish","hentry"],"_links":{"self":[{"href":"https:\/\/aesche.at\/wp\/wp-json\/wp\/v2\/pages\/2104","targetHints":{"allow":["GET"]}}],"collection":[{"href":"https:\/\/aesche.at\/wp\/wp-json\/wp\/v2\/pages"}],"about":[{"href":"https:\/\/aesche.at\/wp\/wp-json\/wp\/v2\/types\/page"}],"author":[{"embeddable":true,"href":"https:\/\/aesche.at\/wp\/wp-json\/wp\/v2\/users\/3"}],"replies":[{"embeddable":true,"href":"https:\/\/aesche.at\/wp\/wp-json\/wp\/v2\/comments?post=2104"}],"version-history":[{"count":17,"href":"https:\/\/aesche.at\/wp\/wp-json\/wp\/v2\/pages\/2104\/revisions"}],"predecessor-version":[{"id":6625,"href":"https:\/\/aesche.at\/wp\/wp-json\/wp\/v2\/pages\/2104\/revisions\/6625"}],"up":[{"embeddable":true,"href":"https:\/\/aesche.at\/wp\/wp-json\/wp\/v2\/pages\/3001"}],"wp:attachment":[{"href":"https:\/\/aesche.at\/wp\/wp-json\/wp\/v2\/media?parent=2104"}],"curies":[{"name":"wp","href":"https:\/\/api.w.org\/{rel}","templated":true}]}}